{"id":1961,"date":"2017-09-27T17:26:13","date_gmt":"2017-09-27T17:26:13","guid":{"rendered":"http:\/\/export-1.test-tangibledesign.net\/?page_id=1961"},"modified":"2018-07-03T09:32:34","modified_gmt":"2018-07-03T09:32:34","slug":"our-team","status":"publish","type":"page","link":"https:\/\/realup.al\/al\/our-team\/","title":{"rendered":"Ekipi jon\u00eb"},"content":{"rendered":"<div class=\"wpb-content-wrapper\"><div class=\"vc_row wpb_row vc_row-fluid vc_custom_1530610329126\"><div class=\"wpb_column vc_column_container vc_col-sm-12\"><div class=\"vc_column-inner vc_custom_1530610352446\"><div class=\"wpb_wrapper\">\n\t<div class=\"mh-agent-list\">\n\n\t\t\t\t\t<div class=\"mh-agent-list__element\">\n\t\t\t\t<article class=\"mh-agent\">\n\t\t\t\t\t<a href=\"https:\/\/realup.al\/al\/agent\/brunilda-bejleraj\/\"\n\t\t\t\t\t   class=\"mh-agent__thumbnail\" title=\"Brunilda Bejleraj\">\n\t\t\t\t\t\t\t\t\t\t\t<\/a>\n\n\t\t\t\t\t<div class=\"mh-agent__content\">\n\t\t\t\t\t\t<h3 class=\"mh-agent__heading\">\n\t\t\t\t\t\t\t<a href=\"https:\/\/realup.al\/al\/agent\/brunilda-bejleraj\/\">\n\t\t\t\t\t\t\t\tBrunilda Bejleraj\t\t\t\t\t\t\t<\/a>\n\t\t\t\t\t\t<\/h3>\n\n\t\t\t\t\t\t\t\t\t\t\t\t\t\t\t\t\t\t\t\n\t\t\t\t\t\t\t\t\t\t\t\t\t<div class=\"mh-agent__additional-fields\">\n\t\t\t\t\t\t\t\t\t\t\t\t\t\t\t\t\t\t\t\t\t\t\t\t\t\t<div class=\"mh-agent__additional-fields__item\">\n\t\t\t\t\t\t\t\t\t\t<strong>\n\t\t\t\t\t\t\t\t\t\t\tOrganizimi:\n\t\t\t\t\t\t\t\t\t\t<\/strong>\n\t\t\t\t\t\t\t\t\t\tReal UP\t\t\t\t\t\t\t\t\t<\/div>\n\t\t\t\t\t\t\t\t\t\t\t\t\t\t\t<\/div>\n\t\t\t\t\t\t\n\t\t\t\t\t\t<div class=\"mh-agent-contact\">\n\t\t\t\t\t\t\t\t\t\t\t\t\t\t\t\t\t\t\t\t\t\t\t\t<div class=\"mh-agent-contact__element\">\n\t\t\t\t\t\t\t\t\t\t<a href=\"mailto:brunidla.bejleraj@realup.al\">\n\t\t\t\t\t\t\t\t\t\t\t<i class=\"flaticon-mail-2\"><\/i>\n\t\t\t\t\t\t\t\t\t\t\tbrunidla.bejleraj@realup.al\t\t\t\t\t\t\t\t\t\t<\/a>\n\t\t\t\t\t\t\t\t\t<\/div>\n\t\t\t\t\t\t\t\t\t\t\t\t\t\t\t\n\t\t\t\t\t\t\t\t\t\t\t\t\t\t\t\t\t\t\t\t\t\t\t\t<div class=\"mh-agent-contact__element\">\n\t\t\t\t\t\t\t\t\t\t<a href=\"tel:1233456789\">\n\t\t\t\t\t\t\t\t\t\t\t<i class=\"flaticon-phone\"><\/i>\n\t\t\t\t\t\t\t\t\t\t\t(123) 345-6789\t\t\t\t\t\t\t\t\t\t<\/a>\n\t\t\t\t\t\t\t\t\t<\/div>\n\t\t\t\t\t\t\t\t\t\t\t\t\t\t\t\t\t\t\t\t\t<\/div>\n\n\t\t\t\t\t\t\t\t\t\t\t\t\t<div class=\"mh-agent__social-wrapper\">\n\t\t\t\t\t\t\t\t<div class=\"mh-agent__social\">\n\t\t\t\t\t\t\t\t\t\t\t\t\t\t\t\t\t\t\t<a href=\"https:\/\/facebook.com\"\n\t\t\t\t\t\t\t\t\t\t   title=\"\"\n\t\t\t\t\t\t\t\t\t\t   target=\"_blank\">\n\t\t\t\t\t\t\t\t\t\t\t<i class=\"fab fa-fa-facebook\"><\/i>\n\t\t\t\t\t\t\t\t\t\t<\/a>\n\t\t\t\t\t\t\t\t\t\t\t\t\t\t\t\t\t\t\t<a href=\"https:\/\/twitter.com\"\n\t\t\t\t\t\t\t\t\t\t   title=\"\"\n\t\t\t\t\t\t\t\t\t\t   target=\"_blank\">\n\t\t\t\t\t\t\t\t\t\t\t<i class=\"fab fa-fa-twitter\"><\/i>\n\t\t\t\t\t\t\t\t\t\t<\/a>\n\t\t\t\t\t\t\t\t\t\t\t\t\t\t\t\t\t\t\t<a href=\"https:\/\/instagram.com\"\n\t\t\t\t\t\t\t\t\t\t   title=\"\"\n\t\t\t\t\t\t\t\t\t\t   target=\"_blank\">\n\t\t\t\t\t\t\t\t\t\t\t<i class=\"fab fa-fa-instagram\"><\/i>\n\t\t\t\t\t\t\t\t\t\t<\/a>\n\t\t\t\t\t\t\t\t\t\t\t\t\t\t\t\t\t\t\t<a href=\"https:\/\/linkedin.com\"\n\t\t\t\t\t\t\t\t\t\t   title=\"\"\n\t\t\t\t\t\t\t\t\t\t   target=\"_blank\">\n\t\t\t\t\t\t\t\t\t\t\t<i class=\"fab fa-fa-linkedin\"><\/i>\n\t\t\t\t\t\t\t\t\t\t<\/a>\n\t\t\t\t\t\t\t\t\t\t\t\t\t\t\t\t\t<\/div>\n\t\t\t\t\t\t\t<\/div>\n\t\t\t\t\t\t\n\t\t\t\t\t\t\t\t\t\t\t\t\t<div class=\"mh-agent__button-wrapper\">\n\t\t\t\t\t\t\t\t<div class=\"mh-agent__button\">\n\t\t\t\t\t\t\t\t\t<a href=\"https:\/\/realup.al\/al\/agent\/brunilda-bejleraj\/\"\n\t\t\t\t\t\t\t\t\t   title=\"Brunilda Bejleraj\"\n\t\t\t\t\t\t\t\t\t   class=\"mdl-button mdl-js-button mdl-button--raised mdl-button--primary-ghost\">\n\t\t\t\t\t\t\t\t\t\tProfili i plot\u00eb\t\t\t\t\t\t\t\t\t<\/a>\n\t\t\t\t\t\t\t\t<\/div>\n\t\t\t\t\t\t\t<\/div>\n\t\t\t\t\t\t\t\t\t\t\t<\/div>\n\t\t\t\t<\/article>\n\t\t\t<\/div>\n\n\t\t\t\t\t<div class=\"mh-agent-list__element\">\n\t\t\t\t<article class=\"mh-agent\">\n\t\t\t\t\t<a href=\"https:\/\/realup.al\/al\/agent\/dorian\/\"\n\t\t\t\t\t   class=\"mh-agent__thumbnail\" title=\"Dorian Boja\">\n\t\t\t\t\t\t\t\t\t\t\t<\/a>\n\n\t\t\t\t\t<div class=\"mh-agent__content\">\n\t\t\t\t\t\t<h3 class=\"mh-agent__heading\">\n\t\t\t\t\t\t\t<a href=\"https:\/\/realup.al\/al\/agent\/dorian\/\">\n\t\t\t\t\t\t\t\tDorian Boja\t\t\t\t\t\t\t<\/a>\n\t\t\t\t\t\t<\/h3>\n\n\t\t\t\t\t\t\t\t\t\t\t\t\t\t\t\t\t\t\t\n\t\t\t\t\t\t\t\t\t\t\t\t\t<div class=\"mh-agent__additional-fields\">\n\t\t\t\t\t\t\t\t\t\t\t\t\t\t\t\t\t\t\t\t\t\t\t\t\t\t<div class=\"mh-agent__additional-fields__item\">\n\t\t\t\t\t\t\t\t\t\t<strong>\n\t\t\t\t\t\t\t\t\t\t\tOrganizimi:\n\t\t\t\t\t\t\t\t\t\t<\/strong>\n\t\t\t\t\t\t\t\t\t\tMyHome\t\t\t\t\t\t\t\t\t<\/div>\n\t\t\t\t\t\t\t\t\t\t\t\t\t\t\t<\/div>\n\t\t\t\t\t\t\n\t\t\t\t\t\t<div class=\"mh-agent-contact\">\n\t\t\t\t\t\t\t\t\t\t\t\t\t\t\t\t\t\t\t\t\t\t\t\t<div class=\"mh-agent-contact__element\">\n\t\t\t\t\t\t\t\t\t\t<a href=\"mailto:dorjan.boja@realup.al\">\n\t\t\t\t\t\t\t\t\t\t\t<i class=\"flaticon-mail-2\"><\/i>\n\t\t\t\t\t\t\t\t\t\t\tdorjan.boja@realup.al\t\t\t\t\t\t\t\t\t\t<\/a>\n\t\t\t\t\t\t\t\t\t<\/div>\n\t\t\t\t\t\t\t\t\t\t\t\t\t\t\t\n\t\t\t\t\t\t\t\t\t\t\t\t\t\t\t\t\t\t\t\t\t\t\t\t<div class=\"mh-agent-contact__element\">\n\t\t\t\t\t\t\t\t\t\t<a href=\"tel:1233456789\">\n\t\t\t\t\t\t\t\t\t\t\t<i class=\"flaticon-phone\"><\/i>\n\t\t\t\t\t\t\t\t\t\t\t(123) 345-6789\t\t\t\t\t\t\t\t\t\t<\/a>\n\t\t\t\t\t\t\t\t\t<\/div>\n\t\t\t\t\t\t\t\t\t\t\t\t\t\t\t\t\t\t\t\t\t<\/div>\n\n\t\t\t\t\t\t\t\t\t\t\t\t\t<div class=\"mh-agent__social-wrapper\">\n\t\t\t\t\t\t\t\t<div class=\"mh-agent__social\">\n\t\t\t\t\t\t\t\t\t\t\t\t\t\t\t\t\t\t\t<a href=\"https:\/\/facebook.com\"\n\t\t\t\t\t\t\t\t\t\t   title=\"\"\n\t\t\t\t\t\t\t\t\t\t   target=\"_blank\">\n\t\t\t\t\t\t\t\t\t\t\t<i class=\"fab fa-fa-facebook\"><\/i>\n\t\t\t\t\t\t\t\t\t\t<\/a>\n\t\t\t\t\t\t\t\t\t\t\t\t\t\t\t\t\t\t\t<a href=\"https:\/\/twitter.com\"\n\t\t\t\t\t\t\t\t\t\t   title=\"\"\n\t\t\t\t\t\t\t\t\t\t   target=\"_blank\">\n\t\t\t\t\t\t\t\t\t\t\t<i class=\"fab fa-fa-twitter\"><\/i>\n\t\t\t\t\t\t\t\t\t\t<\/a>\n\t\t\t\t\t\t\t\t\t\t\t\t\t\t\t\t\t\t\t<a href=\"https:\/\/instagram.com\"\n\t\t\t\t\t\t\t\t\t\t   title=\"\"\n\t\t\t\t\t\t\t\t\t\t   target=\"_blank\">\n\t\t\t\t\t\t\t\t\t\t\t<i class=\"fab fa-fa-instagram\"><\/i>\n\t\t\t\t\t\t\t\t\t\t<\/a>\n\t\t\t\t\t\t\t\t\t\t\t\t\t\t\t\t\t\t\t<a href=\"https:\/\/linkedin.com\"\n\t\t\t\t\t\t\t\t\t\t   title=\"\"\n\t\t\t\t\t\t\t\t\t\t   target=\"_blank\">\n\t\t\t\t\t\t\t\t\t\t\t<i class=\"fab fa-fa-linkedin\"><\/i>\n\t\t\t\t\t\t\t\t\t\t<\/a>\n\t\t\t\t\t\t\t\t\t\t\t\t\t\t\t\t\t<\/div>\n\t\t\t\t\t\t\t<\/div>\n\t\t\t\t\t\t\n\t\t\t\t\t\t\t\t\t\t\t\t\t<div class=\"mh-agent__button-wrapper\">\n\t\t\t\t\t\t\t\t<div class=\"mh-agent__button\">\n\t\t\t\t\t\t\t\t\t<a href=\"https:\/\/realup.al\/al\/agent\/dorian\/\"\n\t\t\t\t\t\t\t\t\t   title=\"Dorian Boja\"\n\t\t\t\t\t\t\t\t\t   class=\"mdl-button mdl-js-button mdl-button--raised mdl-button--primary-ghost\">\n\t\t\t\t\t\t\t\t\t\tProfili i plot\u00eb\t\t\t\t\t\t\t\t\t<\/a>\n\t\t\t\t\t\t\t\t<\/div>\n\t\t\t\t\t\t\t<\/div>\n\t\t\t\t\t\t\t\t\t\t\t<\/div>\n\t\t\t\t<\/article>\n\t\t\t<\/div>\n\n\t\t\t\t\t<div class=\"mh-agent-list__element\">\n\t\t\t\t<article class=\"mh-agent\">\n\t\t\t\t\t<a href=\"https:\/\/realup.al\/al\/agent\/erion-hysenaj\/\"\n\t\t\t\t\t   class=\"mh-agent__thumbnail\" title=\"Erion Hysenaj\">\n\t\t\t\t\t\t\t\t\t\t\t<\/a>\n\n\t\t\t\t\t<div class=\"mh-agent__content\">\n\t\t\t\t\t\t<h3 class=\"mh-agent__heading\">\n\t\t\t\t\t\t\t<a href=\"https:\/\/realup.al\/al\/agent\/erion-hysenaj\/\">\n\t\t\t\t\t\t\t\tErion Hysenaj\t\t\t\t\t\t\t<\/a>\n\t\t\t\t\t\t<\/h3>\n\n\t\t\t\t\t\t\t\t\t\t\t\t\t\t\t\t\t\t\t\n\t\t\t\t\t\t\t\t\t\t\t\t\t<div class=\"mh-agent__additional-fields\">\n\t\t\t\t\t\t\t\t\t\t\t\t\t\t\t\t\t\t\t\t\t\t\t\t\t\t<div class=\"mh-agent__additional-fields__item\">\n\t\t\t\t\t\t\t\t\t\t<strong>\n\t\t\t\t\t\t\t\t\t\t\tOrganizimi:\n\t\t\t\t\t\t\t\t\t\t<\/strong>\n\t\t\t\t\t\t\t\t\t\tReal\t\t\t\t\t\t\t\t\t<\/div>\n\t\t\t\t\t\t\t\t\t\t\t\t\t\t\t<\/div>\n\t\t\t\t\t\t\n\t\t\t\t\t\t<div class=\"mh-agent-contact\">\n\t\t\t\t\t\t\t\t\t\t\t\t\t\t\t\t\t\t\t\t\t\t\t\t<div class=\"mh-agent-contact__element\">\n\t\t\t\t\t\t\t\t\t\t<a href=\"mailto:erion.hysenaj@realup.al\">\n\t\t\t\t\t\t\t\t\t\t\t<i class=\"flaticon-mail-2\"><\/i>\n\t\t\t\t\t\t\t\t\t\t\terion.hysenaj@realup.al\t\t\t\t\t\t\t\t\t\t<\/a>\n\t\t\t\t\t\t\t\t\t<\/div>\n\t\t\t\t\t\t\t\t\t\t\t\t\t\t\t\n\t\t\t\t\t\t\t\t\t\t\t\t\t\t\t\t\t\t\t\t\t\t\t\t<div class=\"mh-agent-contact__element\">\n\t\t\t\t\t\t\t\t\t\t<a href=\"tel:1233456789\">\n\t\t\t\t\t\t\t\t\t\t\t<i class=\"flaticon-phone\"><\/i>\n\t\t\t\t\t\t\t\t\t\t\t(123) 345-6789\t\t\t\t\t\t\t\t\t\t<\/a>\n\t\t\t\t\t\t\t\t\t<\/div>\n\t\t\t\t\t\t\t\t\t\t\t\t\t\t\t\t\t\t\t\t\t<\/div>\n\n\t\t\t\t\t\t\t\t\t\t\t\t\t<div class=\"mh-agent__social-wrapper\">\n\t\t\t\t\t\t\t\t<div class=\"mh-agent__social\">\n\t\t\t\t\t\t\t\t\t\t\t\t\t\t\t\t\t\t\t<a href=\"https:\/\/facebook.com\"\n\t\t\t\t\t\t\t\t\t\t   title=\"\"\n\t\t\t\t\t\t\t\t\t\t   target=\"_blank\">\n\t\t\t\t\t\t\t\t\t\t\t<i class=\"fab fa-fa-facebook\"><\/i>\n\t\t\t\t\t\t\t\t\t\t<\/a>\n\t\t\t\t\t\t\t\t\t\t\t\t\t\t\t\t\t\t\t<a href=\"https:\/\/twitter.com\"\n\t\t\t\t\t\t\t\t\t\t   title=\"\"\n\t\t\t\t\t\t\t\t\t\t   target=\"_blank\">\n\t\t\t\t\t\t\t\t\t\t\t<i class=\"fab fa-fa-twitter\"><\/i>\n\t\t\t\t\t\t\t\t\t\t<\/a>\n\t\t\t\t\t\t\t\t\t\t\t\t\t\t\t\t\t\t\t<a href=\"https:\/\/instagram.com\"\n\t\t\t\t\t\t\t\t\t\t   title=\"\"\n\t\t\t\t\t\t\t\t\t\t   target=\"_blank\">\n\t\t\t\t\t\t\t\t\t\t\t<i class=\"fab fa-fa-instagram\"><\/i>\n\t\t\t\t\t\t\t\t\t\t<\/a>\n\t\t\t\t\t\t\t\t\t\t\t\t\t\t\t\t\t\t\t<a href=\"https:\/\/linkedin.com\"\n\t\t\t\t\t\t\t\t\t\t   title=\"\"\n\t\t\t\t\t\t\t\t\t\t   target=\"_blank\">\n\t\t\t\t\t\t\t\t\t\t\t<i class=\"fab fa-fa-linkedin\"><\/i>\n\t\t\t\t\t\t\t\t\t\t<\/a>\n\t\t\t\t\t\t\t\t\t\t\t\t\t\t\t\t\t<\/div>\n\t\t\t\t\t\t\t<\/div>\n\t\t\t\t\t\t\n\t\t\t\t\t\t\t\t\t\t\t\t\t<div class=\"mh-agent__button-wrapper\">\n\t\t\t\t\t\t\t\t<div class=\"mh-agent__button\">\n\t\t\t\t\t\t\t\t\t<a href=\"https:\/\/realup.al\/al\/agent\/erion-hysenaj\/\"\n\t\t\t\t\t\t\t\t\t   title=\"Erion Hysenaj\"\n\t\t\t\t\t\t\t\t\t   class=\"mdl-button mdl-js-button mdl-button--raised mdl-button--primary-ghost\">\n\t\t\t\t\t\t\t\t\t\tProfili i plot\u00eb\t\t\t\t\t\t\t\t\t<\/a>\n\t\t\t\t\t\t\t\t<\/div>\n\t\t\t\t\t\t\t<\/div>\n\t\t\t\t\t\t\t\t\t\t\t<\/div>\n\t\t\t\t<\/article>\n\t\t\t<\/div>\n\n\t\t\t\t\t<div class=\"mh-agent-list__element\">\n\t\t\t\t<article class=\"mh-agent\">\n\t\t\t\t\t<a href=\"https:\/\/realup.al\/al\/agent\/erion-kalluci\/\"\n\t\t\t\t\t   class=\"mh-agent__thumbnail\" title=\"Erion Kalluci\">\n\t\t\t\t\t\t\t\t\t\t\t<\/a>\n\n\t\t\t\t\t<div class=\"mh-agent__content\">\n\t\t\t\t\t\t<h3 class=\"mh-agent__heading\">\n\t\t\t\t\t\t\t<a href=\"https:\/\/realup.al\/al\/agent\/erion-kalluci\/\">\n\t\t\t\t\t\t\t\tErion Kalluci\t\t\t\t\t\t\t<\/a>\n\t\t\t\t\t\t<\/h3>\n\n\t\t\t\t\t\t\t\t\t\t\t\t\t\t\t\t\t\t\t\n\t\t\t\t\t\t\t\t\t\t\t\t\t<div class=\"mh-agent__additional-fields\">\n\t\t\t\t\t\t\t\t\t\t\t\t\t\t\t\t\t\t\t\t\t\t\t\t\t\t<div class=\"mh-agent__additional-fields__item\">\n\t\t\t\t\t\t\t\t\t\t<strong>\n\t\t\t\t\t\t\t\t\t\t\tOrganizimi:\n\t\t\t\t\t\t\t\t\t\t<\/strong>\n\t\t\t\t\t\t\t\t\t\tRealUp\t\t\t\t\t\t\t\t\t<\/div>\n\t\t\t\t\t\t\t\t\t\t\t\t\t\t\t<\/div>\n\t\t\t\t\t\t\n\t\t\t\t\t\t<div class=\"mh-agent-contact\">\n\t\t\t\t\t\t\t\t\t\t\t\t\t\t\t\t\t\t\t\t\t\t\t\t<div class=\"mh-agent-contact__element\">\n\t\t\t\t\t\t\t\t\t\t<a href=\"mailto:erion.kalluci@realup.al\">\n\t\t\t\t\t\t\t\t\t\t\t<i class=\"flaticon-mail-2\"><\/i>\n\t\t\t\t\t\t\t\t\t\t\terion.kalluci@realup.al\t\t\t\t\t\t\t\t\t\t<\/a>\n\t\t\t\t\t\t\t\t\t<\/div>\n\t\t\t\t\t\t\t\t\t\t\t\t\t\t\t\n\t\t\t\t\t\t\t\t\t\t\t\t\t\t\t\t\t\t\t\t\t\t\t\t<div class=\"mh-agent-contact__element\">\n\t\t\t\t\t\t\t\t\t\t<a href=\"tel:+355682009393\">\n\t\t\t\t\t\t\t\t\t\t\t<i class=\"flaticon-phone\"><\/i>\n\t\t\t\t\t\t\t\t\t\t\t+355 68 200 9393\t\t\t\t\t\t\t\t\t\t<\/a>\n\t\t\t\t\t\t\t\t\t<\/div>\n\t\t\t\t\t\t\t\t\t\t\t\t\t\t\t\t\t\t\t\t\t<\/div>\n\n\t\t\t\t\t\t\t\t\t\t\t\t\t<div class=\"mh-agent__social-wrapper\">\n\t\t\t\t\t\t\t\t<div class=\"mh-agent__social\">\n\t\t\t\t\t\t\t\t\t\t\t\t\t\t\t\t\t\t\t<a href=\"https:\/\/facebook.com\"\n\t\t\t\t\t\t\t\t\t\t   title=\"\"\n\t\t\t\t\t\t\t\t\t\t   target=\"_blank\">\n\t\t\t\t\t\t\t\t\t\t\t<i class=\"fab fa-fa-facebook\"><\/i>\n\t\t\t\t\t\t\t\t\t\t<\/a>\n\t\t\t\t\t\t\t\t\t\t\t\t\t\t\t\t\t\t\t<a href=\"https:\/\/twitter.com\"\n\t\t\t\t\t\t\t\t\t\t   title=\"\"\n\t\t\t\t\t\t\t\t\t\t   target=\"_blank\">\n\t\t\t\t\t\t\t\t\t\t\t<i class=\"fab fa-fa-twitter\"><\/i>\n\t\t\t\t\t\t\t\t\t\t<\/a>\n\t\t\t\t\t\t\t\t\t\t\t\t\t\t\t\t\t\t\t<a href=\"https:\/\/instagram.com\"\n\t\t\t\t\t\t\t\t\t\t   title=\"\"\n\t\t\t\t\t\t\t\t\t\t   target=\"_blank\">\n\t\t\t\t\t\t\t\t\t\t\t<i class=\"fab fa-fa-instagram\"><\/i>\n\t\t\t\t\t\t\t\t\t\t<\/a>\n\t\t\t\t\t\t\t\t\t\t\t\t\t\t\t\t\t\t\t<a href=\"https:\/\/linkedin.com\"\n\t\t\t\t\t\t\t\t\t\t   title=\"\"\n\t\t\t\t\t\t\t\t\t\t   target=\"_blank\">\n\t\t\t\t\t\t\t\t\t\t\t<i class=\"fab fa-fa-linkedin\"><\/i>\n\t\t\t\t\t\t\t\t\t\t<\/a>\n\t\t\t\t\t\t\t\t\t\t\t\t\t\t\t\t\t<\/div>\n\t\t\t\t\t\t\t<\/div>\n\t\t\t\t\t\t\n\t\t\t\t\t\t\t\t\t\t\t\t\t<div class=\"mh-agent__button-wrapper\">\n\t\t\t\t\t\t\t\t<div class=\"mh-agent__button\">\n\t\t\t\t\t\t\t\t\t<a href=\"https:\/\/realup.al\/al\/agent\/erion-kalluci\/\"\n\t\t\t\t\t\t\t\t\t   title=\"Erion Kalluci\"\n\t\t\t\t\t\t\t\t\t   class=\"mdl-button mdl-js-button mdl-button--raised mdl-button--primary-ghost\">\n\t\t\t\t\t\t\t\t\t\tProfili i plot\u00eb\t\t\t\t\t\t\t\t\t<\/a>\n\t\t\t\t\t\t\t\t<\/div>\n\t\t\t\t\t\t\t<\/div>\n\t\t\t\t\t\t\t\t\t\t\t<\/div>\n\t\t\t\t<\/article>\n\t\t\t<\/div>\n\n\t\t\t\t\t<div class=\"mh-agent-list__element\">\n\t\t\t\t<article class=\"mh-agent\">\n\t\t\t\t\t<a href=\"https:\/\/realup.al\/al\/agent\/gerson-tafa\/\"\n\t\t\t\t\t   class=\"mh-agent__thumbnail\" title=\"Gerson Tafa\">\n\t\t\t\t\t\t\t\t\t\t\t<\/a>\n\n\t\t\t\t\t<div class=\"mh-agent__content\">\n\t\t\t\t\t\t<h3 class=\"mh-agent__heading\">\n\t\t\t\t\t\t\t<a href=\"https:\/\/realup.al\/al\/agent\/gerson-tafa\/\">\n\t\t\t\t\t\t\t\tGerson Tafa\t\t\t\t\t\t\t<\/a>\n\t\t\t\t\t\t<\/h3>\n\n\t\t\t\t\t\t\t\t\t\t\t\t\t\t\t\t\t\t\t\n\t\t\t\t\t\t\t\t\t\t\t\t\t<div class=\"mh-agent__additional-fields\">\n\t\t\t\t\t\t\t\t\t\t\t\t\t\t\t\t\t\t\t\t\t\t\t\t\t\t<div class=\"mh-agent__additional-fields__item\">\n\t\t\t\t\t\t\t\t\t\t<strong>\n\t\t\t\t\t\t\t\t\t\t\tOrganizimi:\n\t\t\t\t\t\t\t\t\t\t<\/strong>\n\t\t\t\t\t\t\t\t\t\tMyHome\t\t\t\t\t\t\t\t\t<\/div>\n\t\t\t\t\t\t\t\t\t\t\t\t\t\t\t<\/div>\n\t\t\t\t\t\t\n\t\t\t\t\t\t<div class=\"mh-agent-contact\">\n\t\t\t\t\t\t\t\t\t\t\t\t\t\t\t\t\t\t\t\t\t\t\t\t<div class=\"mh-agent-contact__element\">\n\t\t\t\t\t\t\t\t\t\t<a href=\"mailto:gerson.tafa@realup.al\">\n\t\t\t\t\t\t\t\t\t\t\t<i class=\"flaticon-mail-2\"><\/i>\n\t\t\t\t\t\t\t\t\t\t\tgerson.tafa@realup.al\t\t\t\t\t\t\t\t\t\t<\/a>\n\t\t\t\t\t\t\t\t\t<\/div>\n\t\t\t\t\t\t\t\t\t\t\t\t\t\t\t\n\t\t\t\t\t\t\t\t\t\t\t\t\t\t\t\t\t\t\t\t\t\t\t\t<div class=\"mh-agent-contact__element\">\n\t\t\t\t\t\t\t\t\t\t<a href=\"tel:1233456789\">\n\t\t\t\t\t\t\t\t\t\t\t<i class=\"flaticon-phone\"><\/i>\n\t\t\t\t\t\t\t\t\t\t\t(123) 345-6789\t\t\t\t\t\t\t\t\t\t<\/a>\n\t\t\t\t\t\t\t\t\t<\/div>\n\t\t\t\t\t\t\t\t\t\t\t\t\t\t\t\t\t\t\t\t\t<\/div>\n\n\t\t\t\t\t\t\t\t\t\t\t\t\t<div class=\"mh-agent__social-wrapper\">\n\t\t\t\t\t\t\t\t<div class=\"mh-agent__social\">\n\t\t\t\t\t\t\t\t\t\t\t\t\t\t\t\t\t\t\t<a href=\"https:\/\/facebook.com\"\n\t\t\t\t\t\t\t\t\t\t   title=\"\"\n\t\t\t\t\t\t\t\t\t\t   target=\"_blank\">\n\t\t\t\t\t\t\t\t\t\t\t<i class=\"fab fa-fa-facebook\"><\/i>\n\t\t\t\t\t\t\t\t\t\t<\/a>\n\t\t\t\t\t\t\t\t\t\t\t\t\t\t\t\t\t\t\t<a href=\"https:\/\/twitter.com\"\n\t\t\t\t\t\t\t\t\t\t   title=\"\"\n\t\t\t\t\t\t\t\t\t\t   target=\"_blank\">\n\t\t\t\t\t\t\t\t\t\t\t<i class=\"fab fa-fa-twitter\"><\/i>\n\t\t\t\t\t\t\t\t\t\t<\/a>\n\t\t\t\t\t\t\t\t\t\t\t\t\t\t\t\t\t\t\t<a href=\"https:\/\/instagram.com\"\n\t\t\t\t\t\t\t\t\t\t   title=\"\"\n\t\t\t\t\t\t\t\t\t\t   target=\"_blank\">\n\t\t\t\t\t\t\t\t\t\t\t<i class=\"fab fa-fa-instagram\"><\/i>\n\t\t\t\t\t\t\t\t\t\t<\/a>\n\t\t\t\t\t\t\t\t\t\t\t\t\t\t\t\t\t\t\t<a href=\"https:\/\/linkedin.com\"\n\t\t\t\t\t\t\t\t\t\t   title=\"\"\n\t\t\t\t\t\t\t\t\t\t   target=\"_blank\">\n\t\t\t\t\t\t\t\t\t\t\t<i class=\"fab fa-fa-linkedin\"><\/i>\n\t\t\t\t\t\t\t\t\t\t<\/a>\n\t\t\t\t\t\t\t\t\t\t\t\t\t\t\t\t\t<\/div>\n\t\t\t\t\t\t\t<\/div>\n\t\t\t\t\t\t\n\t\t\t\t\t\t\t\t\t\t\t\t\t<div class=\"mh-agent__button-wrapper\">\n\t\t\t\t\t\t\t\t<div class=\"mh-agent__button\">\n\t\t\t\t\t\t\t\t\t<a href=\"https:\/\/realup.al\/al\/agent\/gerson-tafa\/\"\n\t\t\t\t\t\t\t\t\t   title=\"Gerson Tafa\"\n\t\t\t\t\t\t\t\t\t   class=\"mdl-button mdl-js-button mdl-button--raised mdl-button--primary-ghost\">\n\t\t\t\t\t\t\t\t\t\tProfili i plot\u00eb\t\t\t\t\t\t\t\t\t<\/a>\n\t\t\t\t\t\t\t\t<\/div>\n\t\t\t\t\t\t\t<\/div>\n\t\t\t\t\t\t\t\t\t\t\t<\/div>\n\t\t\t\t<\/article>\n\t\t\t<\/div>\n\n\t\t\t\t\t<div class=\"mh-agent-list__element\">\n\t\t\t\t<article class=\"mh-agent\">\n\t\t\t\t\t<a href=\"https:\/\/realup.al\/al\/user\/realup\/\"\n\t\t\t\t\t   class=\"mh-agent__thumbnail\" title=\"Real UP\">\n\t\t\t\t\t\t\t\t<img\r\n\t\t\t\t\t\t\tdata-srcset=\"https:\/\/realup.al\/wp-content\/uploads\/2024\/02\/cropped-logo-real-up-100x100.png 100w, https:\/\/realup.al\/wp-content\/uploads\/2024\/02\/cropped-logo-real-up-300x300.png 300w, https:\/\/realup.al\/wp-content\/uploads\/2024\/02\/cropped-logo-real-up-150x150.png 150w, https:\/\/realup.al\/wp-content\/uploads\/2024\/02\/cropped-logo-real-up-400x400.png 400w, https:\/\/realup.al\/wp-content\/uploads\/2024\/02\/cropped-logo-real-up-200x200.png 200w, https:\/\/realup.al\/wp-content\/uploads\/2024\/02\/cropped-logo-real-up-270x270.png 270w, https:\/\/realup.al\/wp-content\/uploads\/2024\/02\/cropped-logo-real-up-192x192.png 192w, https:\/\/realup.al\/wp-content\/uploads\/2024\/02\/cropped-logo-real-up-180x180.png 180w, https:\/\/realup.al\/wp-content\/uploads\/2024\/02\/cropped-logo-real-up-32x32.png 32w, https:\/\/realup.al\/wp-content\/uploads\/2024\/02\/cropped-logo-real-up.png 512w\"\r\n\t\t\t\tclass=\"lazyload\"\r\n\t\t\t\tdata-sizes=\"auto\"\r\n\t\t\t\t\t\talt=\"Real UP\"\r\n\t\t>\r\n\t\t\t\t\t\t\t<\/a>\n\n\t\t\t\t\t<div class=\"mh-agent__content\">\n\t\t\t\t\t\t<h3 class=\"mh-agent__heading\">\n\t\t\t\t\t\t\t<a href=\"https:\/\/realup.al\/al\/user\/realup\/\">\n\t\t\t\t\t\t\t\tReal UP\t\t\t\t\t\t\t<\/a>\n\t\t\t\t\t\t<\/h3>\n\n\t\t\t\t\t\t\t\t\t\t\t\t\t\t\t\t\t\t\t\n\t\t\t\t\t\t\t\t\t\t\t\t\t<div class=\"mh-agent__additional-fields\">\n\t\t\t\t\t\t\t\t\t\t\t\t\t\t\t\t\t\t\t\t\t\t\t\t<\/div>\n\t\t\t\t\t\t\n\t\t\t\t\t\t<div class=\"mh-agent-contact\">\n\t\t\t\t\t\t\t\t\t\t\t\t\t\t\t\t\t\t\t\t\t\t\t\t<div class=\"mh-agent-contact__element\">\n\t\t\t\t\t\t\t\t\t\t<a href=\"mailto:info@realup.al\">\n\t\t\t\t\t\t\t\t\t\t\t<i class=\"flaticon-mail-2\"><\/i>\n\t\t\t\t\t\t\t\t\t\t\tinfo@realup.al\t\t\t\t\t\t\t\t\t\t<\/a>\n\t\t\t\t\t\t\t\t\t<\/div>\n\t\t\t\t\t\t\t\t\t\t\t\t\t\t\t\n\t\t\t\t\t\t\t\t\t\t\t\t\t\t\t\t\t\t\t\t\t\t\t\t<div class=\"mh-agent-contact__element\">\n\t\t\t\t\t\t\t\t\t\t<a href=\"tel:+355693522229\">\n\t\t\t\t\t\t\t\t\t\t\t<i class=\"flaticon-phone\"><\/i>\n\t\t\t\t\t\t\t\t\t\t\t+355693522229\t\t\t\t\t\t\t\t\t\t<\/a>\n\t\t\t\t\t\t\t\t\t<\/div>\n\t\t\t\t\t\t\t\t\t\t\t\t\t\t\t\t\t\t\t\t\t<\/div>\n\n\t\t\t\t\t\t\n\t\t\t\t\t\t\t\t\t\t\t\t\t<div class=\"mh-agent__button-wrapper\">\n\t\t\t\t\t\t\t\t<div class=\"mh-agent__button\">\n\t\t\t\t\t\t\t\t\t<a href=\"https:\/\/realup.al\/al\/user\/realup\/\"\n\t\t\t\t\t\t\t\t\t   title=\"Real UP\"\n\t\t\t\t\t\t\t\t\t   class=\"mdl-button mdl-js-button mdl-button--raised mdl-button--primary-ghost\">\n\t\t\t\t\t\t\t\t\t\tProfili i plot\u00eb\t\t\t\t\t\t\t\t\t<\/a>\n\t\t\t\t\t\t\t\t<\/div>\n\t\t\t\t\t\t\t<\/div>\n\t\t\t\t\t\t\t\t\t\t\t<\/div>\n\t\t\t\t<\/article>\n\t\t\t<\/div>\n\n\t\t\t<\/div>\n\n<\/div><\/div><\/div><\/div>\n<\/div>","protected":false},"excerpt":{"rendered":"Brunilda Bejleraj Organization: Real UP brunidla.bejleraj@realup.al (123) 345-6789 Profili i plot\u00eb Dorian Boja Organization: MyHome dorjan.boja@realup.al (123) 345-6789 Profili i plot\u00eb Erion Hysenaj Organization: Real erion.hysenaj@realup.al (123) 345-6789 Profili i plot\u00eb Erion Kalluci Organization: RealUp erion.kalluci@realup.al +355 68 200 9393 Profili i plot\u00eb Gerson Tafa Organization: MyHome gerson.tafa@realup.al (123) 345-6789 Profili i plot\u00eb Real UP [...]","protected":false},"author":1,"featured_media":0,"parent":0,"menu_order":0,"comment_status":"closed","ping_status":"closed","template":"page_full-width-with-top-title.php","meta":{"_acf_changed":false,"footnotes":""},"class_list":["post-1961","page","type-page","status-publish","hentry"],"acf":[],"_links":{"self":[{"href":"https:\/\/realup.al\/al\/wp-json\/wp\/v2\/pages\/1961","targetHints":{"allow":["GET"]}}],"collection":[{"href":"https:\/\/realup.al\/al\/wp-json\/wp\/v2\/pages"}],"about":[{"href":"https:\/\/realup.al\/al\/wp-json\/wp\/v2\/types\/page"}],"author":[{"embeddable":true,"href":"https:\/\/realup.al\/al\/wp-json\/wp\/v2\/users\/1"}],"replies":[{"embeddable":true,"href":"https:\/\/realup.al\/al\/wp-json\/wp\/v2\/comments?post=1961"}],"version-history":[{"count":0,"href":"https:\/\/realup.al\/al\/wp-json\/wp\/v2\/pages\/1961\/revisions"}],"wp:attachment":[{"href":"https:\/\/realup.al\/al\/wp-json\/wp\/v2\/media?parent=1961"}],"curies":[{"name":"wp","href":"https:\/\/api.w.org\/{rel}","templated":true}]}}